{"id":1236,"date":"2025-07-24T17:15:30","date_gmt":"2025-07-24T17:15:30","guid":{"rendered":"https:\/\/eauearthfuego.com\/?page_id=1236"},"modified":"2025-07-24T20:08:36","modified_gmt":"2025-07-24T20:08:36","slug":"politica-de-privacidad","status":"publish","type":"page","link":"https:\/\/eauearthfuego.com\/en\/politica-de-privacidad\/","title":{"rendered":"Privacy Policy"},"content":{"rendered":"<div data-elementor-type=\"wp-page\" data-elementor-id=\"1236\" class=\"elementor elementor-1236\" data-elementor-post-type=\"page\">\n\t\t\t\t<div class=\"elementor-element elementor-element-8e3b4dd e-con-full e-flex e-con e-parent\" data-id=\"8e3b4dd\" data-element_type=\"container\">\n\t\t<div class=\"elementor-element elementor-element-e856d5a e-con-full e-flex e-con e-child\" data-id=\"e856d5a\" data-element_type=\"container\">\n\t\t\t\t<div class=\"elementor-element elementor-element-60e7ba0 elementor-widget elementor-widget-heading\" data-id=\"60e7ba0\" data-element_type=\"widget\" data-widget_type=\"heading.default\">\n\t\t\t\t<div class=\"elementor-widget-container\">\n\t\t\t\t\t<h2 class=\"elementor-heading-title elementor-size-default\">Privacy Policy<\/h2>\t\t\t\t<\/div>\n\t\t\t\t<\/div>\n\t\t\t\t<div class=\"elementor-element elementor-element-ad05084 elementor-widget elementor-widget-heading\" data-id=\"ad05084\" data-element_type=\"widget\" data-widget_type=\"heading.default\">\n\t\t\t\t<div class=\"elementor-widget-container\">\n\t\t\t\t\t<h2 class=\"elementor-heading-title elementor-size-default\">1. Commitment to privacy<\/h2>\t\t\t\t<\/div>\n\t\t\t\t<\/div>\n\t\t\t\t<div class=\"elementor-element elementor-element-e267e05 elementor-widget elementor-widget-text-editor\" data-id=\"e267e05\" data-element_type=\"widget\" data-widget_type=\"text-editor.default\">\n\t\t\t\t<div class=\"elementor-widget-container\">\n\t\t\t\t\t\t\t\t\t<p>At Eau, Earth &amp; Fuego, we respect your privacy. This policy explains how we collect, use, and protect your personal data when you browse the site or make a purchase.<\/p>\t\t\t\t\t\t\t\t<\/div>\n\t\t\t\t<\/div>\n\t\t\t\t<div class=\"elementor-element elementor-element-85e0839 elementor-widget elementor-widget-heading\" data-id=\"85e0839\" data-element_type=\"widget\" data-widget_type=\"heading.default\">\n\t\t\t\t<div class=\"elementor-widget-container\">\n\t\t\t\t\t<h2 class=\"elementor-heading-title elementor-size-default\">2. Data we collect<\/h2>\t\t\t\t<\/div>\n\t\t\t\t<\/div>\n\t\t\t\t<div class=\"elementor-element elementor-element-348232a elementor-widget elementor-widget-text-editor\" data-id=\"348232a\" data-element_type=\"widget\" data-widget_type=\"text-editor.default\">\n\t\t\t\t<div class=\"elementor-widget-container\">\n\t\t\t\t\t\t\t\t\t<ul><li data-start=\"4061\" data-end=\"4083\"><p data-start=\"4063\" data-end=\"4083\">First and last name<\/p><\/li><li data-start=\"4084\" data-end=\"4106\"><p data-start=\"4086\" data-end=\"4106\">Email<\/p><\/li><li data-start=\"4107\" data-end=\"4147\"><p data-start=\"4109\" data-end=\"4147\">Billing address (if applicable)<\/p><\/li><li data-start=\"4148\" data-end=\"4194\"><p data-start=\"4150\" data-end=\"4194\">Information for payment processing<\/p><\/li><li data-start=\"4195\" data-end=\"4236\"><p data-start=\"4197\" data-end=\"4236\">Technical data (IP, browser, cookies)<\/p><\/li><\/ul>\t\t\t\t\t\t\t\t<\/div>\n\t\t\t\t<\/div>\n\t\t\t\t<div class=\"elementor-element elementor-element-f4cbe28 elementor-widget elementor-widget-heading\" data-id=\"f4cbe28\" data-element_type=\"widget\" data-widget_type=\"heading.default\">\n\t\t\t\t<div class=\"elementor-widget-container\">\n\t\t\t\t\t<h2 class=\"elementor-heading-title elementor-size-default\">3. Purpose of collection<\/h2>\t\t\t\t<\/div>\n\t\t\t\t<\/div>\n\t\t\t\t<div class=\"elementor-element elementor-element-a18da8c elementor-widget elementor-widget-text-editor\" data-id=\"a18da8c\" data-element_type=\"widget\" data-widget_type=\"text-editor.default\">\n\t\t\t\t<div class=\"elementor-widget-container\">\n\t\t\t\t\t\t\t\t\t<ul>\n \t<li data-start=\"4279\" data-end=\"4313\">\n<p data-start=\"4281\" data-end=\"4313\">Process and manage your purchase<\/p>\n<\/li>\n \t<li data-start=\"4314\" data-end=\"4362\">\n<p data-start=\"4316\" data-end=\"4362\">Send you digital confirmations or deliveries<\/p>\n<\/li>\n \t<li data-start=\"4363\" data-end=\"4400\">\n<p data-start=\"4365\" data-end=\"4400\">Respond to inquiries or requests<\/p>\n<\/li>\n \t<li data-start=\"4401\" data-end=\"4446\">\n<p data-start=\"4403\" data-end=\"4446\">Share news with you, only if you authorize it<\/p>\n<\/li>\n<\/ul>\t\t\t\t\t\t\t\t<\/div>\n\t\t\t\t<\/div>\n\t\t\t\t<div class=\"elementor-element elementor-element-3006f6c elementor-widget elementor-widget-heading\" data-id=\"3006f6c\" data-element_type=\"widget\" data-widget_type=\"heading.default\">\n\t\t\t\t<div class=\"elementor-widget-container\">\n\t\t\t\t\t<h2 class=\"elementor-heading-title elementor-size-default\">4. Responsible use of information<\/h2>\t\t\t\t<\/div>\n\t\t\t\t<\/div>\n\t\t\t\t<div class=\"elementor-element elementor-element-f203f6c elementor-widget elementor-widget-text-editor\" data-id=\"f203f6c\" data-element_type=\"widget\" data-widget_type=\"text-editor.default\">\n\t\t\t\t<div class=\"elementor-widget-container\">\n\t\t\t\t\t\t\t\t\t<p data-start=\"1456\" data-end=\"1483\">Your data will not be shared with third parties, except for essential processes such as online payments or secure digital delivery platforms.<\/p>\t\t\t\t\t\t\t\t<\/div>\n\t\t\t\t<\/div>\n\t\t\t\t<div class=\"elementor-element elementor-element-44f8250 elementor-widget elementor-widget-heading\" data-id=\"44f8250\" data-element_type=\"widget\" data-widget_type=\"heading.default\">\n\t\t\t\t<div class=\"elementor-widget-container\">\n\t\t\t\t\t<h2 class=\"elementor-heading-title elementor-size-default\">5. User rights<\/h2>\t\t\t\t<\/div>\n\t\t\t\t<\/div>\n\t\t\t\t<div class=\"elementor-element elementor-element-6beac1b elementor-widget elementor-widget-text-editor\" data-id=\"6beac1b\" data-element_type=\"widget\" data-widget_type=\"text-editor.default\">\n\t\t\t\t<div class=\"elementor-widget-container\">\n\t\t\t\t\t\t\t\t\t<p data-start=\"4666\" data-end=\"4683\">You have the right to:<\/p><ul data-start=\"4684\" data-end=\"4795\"><li data-start=\"4684\" data-end=\"4707\"><p data-start=\"4686\" data-end=\"4707\">Access your data<\/p><\/li><li data-start=\"4708\" data-end=\"4746\"><p data-start=\"4710\" data-end=\"4746\">Request correction or deletion<\/p><\/li><li data-start=\"4747\" data-end=\"4795\"><p data-start=\"4749\" data-end=\"4795\">Withdraw your consent at any time<\/p><\/li><\/ul><p data-start=\"4797\" data-end=\"4839\">To exercise these rights, please write to us at:<\/p><p data-start=\"4841\" data-end=\"4887\">\ud83d\udce7 <a class=\"cursor-pointer\" rel=\"noopener\" data-start=\"4844\" data-end=\"4866\">info@eauearthfuego.com<\/a><br data-start=\"4866\" data-end=\"4869\" \/>\ud83d\udcde +1 832 986 7806<\/p>\t\t\t\t\t\t\t\t<\/div>\n\t\t\t\t<\/div>\n\t\t\t\t<div class=\"elementor-element elementor-element-d4ca608 elementor-widget elementor-widget-heading\" data-id=\"d4ca608\" data-element_type=\"widget\" data-widget_type=\"heading.default\">\n\t\t\t\t<div class=\"elementor-widget-container\">\n\t\t\t\t\t<h2 class=\"elementor-heading-title elementor-size-default\">6. Information security<\/h2>\t\t\t\t<\/div>\n\t\t\t\t<\/div>\n\t\t\t\t<div class=\"elementor-element elementor-element-2ce5904 elementor-widget elementor-widget-text-editor\" data-id=\"2ce5904\" data-element_type=\"widget\" data-widget_type=\"text-editor.default\">\n\t\t\t\t<div class=\"elementor-widget-container\">\n\t\t\t\t\t\t\t\t\t<p>Your data is protected by appropriate technical and organizational measures. We use secure and up-to-date services.<\/p>\t\t\t\t\t\t\t\t<\/div>\n\t\t\t\t<\/div>\n\t\t\t\t<\/div>\n\t\t\t\t<\/div>\n\t\t\t\t<\/div>","protected":false},"excerpt":{"rendered":"<p>Pol\u00edtica de privacidad 1. Compromiso con la privacidad En Eau, Earth &amp; Fuego respetamos tu privacidad. Esta pol\u00edtica explica c\u00f3mo [&hellip;]<\/p>\n","protected":false},"author":1,"featured_media":827,"parent":0,"menu_order":0,"comment_status":"closed","ping_status":"closed","template":"","meta":{"site-sidebar-layout":"no-sidebar","site-content-layout":"","ast-site-content-layout":"full-width-container","site-content-style":"default","site-sidebar-style":"default","ast-global-header-display":"","ast-banner-title-visibility":"","ast-main-header-display":"","ast-hfb-above-header-display":"","ast-hfb-below-header-display":"","ast-hfb-mobile-header-display":"","site-post-title":"disabled","ast-breadcrumbs-content":"","ast-featured-img":"disabled","footer-sml-layout":"","ast-disable-related-posts":"","theme-transparent-header-meta":"default","adv-header-id-meta":"","stick-header-meta":"default","header-above-stick-meta":"","header-main-stick-meta":"","header-below-stick-meta":"","astra-migrate-meta-layouts":"set","ast-page-background-enabled":"default","ast-page-background-meta":{"desktop":{"background-color":"var(--ast-global-color-4)","background-image":"","background-repeat":"repeat","background-position":"center center","background-size":"auto","background-attachment":"scroll","background-type":"","background-media":"","overlay-type":"","overlay-color":"","overlay-opacity":"","overlay-gradient":""},"tablet":{"background-color":"","background-image":"","background-repeat":"repeat","background-position":"center center","background-size":"auto","background-attachment":"scroll","background-type":"","background-media":"","overlay-type":"","overlay-color":"","overlay-opacity":"","overlay-gradient":""},"mobile":{"background-color":"","background-image":"","background-repeat":"repeat","background-position":"center center","background-size":"auto","background-attachment":"scroll","background-type":"","background-media":"","overlay-type":"","overlay-color":"","overlay-opacity":"","overlay-gradient":""}},"ast-content-background-meta":{"desktop":{"background-color":"var(--ast-global-color-5)","background-image":"","background-repeat":"repeat","background-position":"center center","background-size":"auto","background-attachment":"scroll","background-type":"","background-media":"","overlay-type":"","overlay-color":"","overlay-opacity":"","overlay-gradient":""},"tablet":{"background-color":"var(--ast-global-color-5)","background-image":"","background-repeat":"repeat","background-position":"center center","background-size":"auto","background-attachment":"scroll","background-type":"","background-media":"","overlay-type":"","overlay-color":"","overlay-opacity":"","overlay-gradient":""},"mobile":{"background-color":"var(--ast-global-color-5)","background-image":"","background-repeat":"repeat","background-position":"center center","background-size":"auto","background-attachment":"scroll","background-type":"","background-media":"","overlay-type":"","overlay-color":"","overlay-opacity":"","overlay-gradient":""}},"footnotes":""},"class_list":["post-1236","page","type-page","status-publish","has-post-thumbnail","hentry"],"_links":{"self":[{"href":"https:\/\/eauearthfuego.com\/en\/wp-json\/wp\/v2\/pages\/1236","targetHints":{"allow":["GET"]}}],"collection":[{"href":"https:\/\/eauearthfuego.com\/en\/wp-json\/wp\/v2\/pages"}],"about":[{"href":"https:\/\/eauearthfuego.com\/en\/wp-json\/wp\/v2\/types\/page"}],"author":[{"embeddable":true,"href":"https:\/\/eauearthfuego.com\/en\/wp-json\/wp\/v2\/users\/1"}],"replies":[{"embeddable":true,"href":"https:\/\/eauearthfuego.com\/en\/wp-json\/wp\/v2\/comments?post=1236"}],"version-history":[{"count":8,"href":"https:\/\/eauearthfuego.com\/en\/wp-json\/wp\/v2\/pages\/1236\/revisions"}],"predecessor-version":[{"id":1321,"href":"https:\/\/eauearthfuego.com\/en\/wp-json\/wp\/v2\/pages\/1236\/revisions\/1321"}],"wp:featuredmedia":[{"embeddable":true,"href":"https:\/\/eauearthfuego.com\/en\/wp-json\/wp\/v2\/media\/827"}],"wp:attachment":[{"href":"https:\/\/eauearthfuego.com\/en\/wp-json\/wp\/v2\/media?parent=1236"}],"curies":[{"name":"wp","href":"https:\/\/api.w.org\/{rel}","templated":true}]}}