{"id":1599,"date":"2025-07-26T15:42:41","date_gmt":"2025-07-26T15:42:41","guid":{"rendered":"https:\/\/eauearthfuego.com\/?post_type=product&#038;p=1599"},"modified":"2026-03-24T19:00:00","modified_gmt":"2026-03-24T19:00:00","slug":"impulso-salvaje","status":"publish","type":"product","link":"https:\/\/eauearthfuego.com\/en\/product\/impulso-salvaje\/","title":{"rendered":"Wild Drive"},"content":{"rendered":"<h4><strong>Product description:<\/strong><\/h4>\n<p data-start=\"427\" data-end=\"775\"><strong data-start=\"427\" data-end=\"446\">Wild Drive<\/strong> es una obra que captura la esencia de la velocidad en su estado m\u00e1s puro. El rugido de una moto se enfrenta al impulso felino del guepardo, en una carrera simb\u00f3lica entre la fuerza creada por el hombre y el poder innato de la naturaleza. Cada detalle ilustra el frenes\u00ed, la precisi\u00f3n y la entrega absoluta de ambos competidores.<\/p>\n<p data-start=\"777\" data-end=\"1109\">Ideal for lovers of motorcycling, dynamic art, and sports symbolism, this piece is not only visually striking, but also a metaphor for how nature and humanity inspire each other. A perfect illustration for creative spaces, sports venues, or for those who live with the accelerator of their soul always engaged.<\/p>","protected":false},"excerpt":{"rendered":"<p data-start=\"1182\" data-end=\"1221\">A race between instinct and machine. \u201cWild Impulse\u201d celebrates speed as an expression of power, adrenaline, and connection with nature.<\/p>\n<h4 data-start=\"1182\" data-end=\"1221\"><strong data-start=\"1189\" data-end=\"1221\">Product features<\/strong><\/h4>\n<ul data-start=\"1222\" data-end=\"1402\">\n<li data-start=\"1222\" data-end=\"1276\">\n<p data-start=\"1224\" data-end=\"1276\">Format: High-resolution digital image<\/p>\n<\/li>\n<li data-start=\"1277\" data-end=\"1320\">\n<p data-start=\"1279\" data-end=\"1320\">Use: Personal or decorative (non-commercial)<\/p>\n<\/li>\n<li data-start=\"1321\" data-end=\"1354\">\n<p data-start=\"1323\" data-end=\"1354\">Immediate download after payment<\/p>\n<\/li>\n<li data-start=\"1355\" data-end=\"1402\">\n<p data-start=\"1357\" data-end=\"1402\">Watermark included for visual protection<\/p>\n<\/li>\n<\/ul>","protected":false},"featured_media":2164,"comment_status":"open","ping_status":"closed","template":"","meta":{"site-sidebar-layout":"default","site-content-layout":"","ast-site-content-layout":"default","site-content-style":"default","site-sidebar-style":"default","ast-global-header-display":"","ast-banner-title-visibility":"","ast-main-header-display":"","ast-hfb-above-header-display":"","ast-hfb-below-header-display":"","ast-hfb-mobile-header-display":"","site-post-title":"","ast-breadcrumbs-content":"","ast-featured-img":"","footer-sml-layout":"","ast-disable-related-posts":"","theme-transparent-header-meta":"default","adv-header-id-meta":"","stick-header-meta":"default","header-above-stick-meta":"","header-main-stick-meta":"","header-below-stick-meta":"","astra-migrate-meta-layouts":"set","ast-page-background-enabled":"default","ast-page-background-meta":{"desktop":{"background-color":"var(--ast-global-color-4)","background-image":"","background-repeat":"repeat","background-position":"center center","background-size":"auto","background-attachment":"scroll","background-type":"","background-media":"","overlay-type":"","overlay-color":"","overlay-opacity":"","overlay-gradient":""},"tablet":{"background-color":"","background-image":"","background-repeat":"repeat","background-position":"center center","background-size":"auto","background-attachment":"scroll","background-type":"","background-media":"","overlay-type":"","overlay-color":"","overlay-opacity":"","overlay-gradient":""},"mobile":{"background-color":"","background-image":"","background-repeat":"repeat","background-position":"center center","background-size":"auto","background-attachment":"scroll","background-type":"","background-media":"","overlay-type":"","overlay-color":"","overlay-opacity":"","overlay-gradient":""}},"ast-content-background-meta":{"desktop":{"background-color":"var(--ast-global-color-5)","background-image":"","background-repeat":"repeat","background-position":"center center","background-size":"auto","background-attachment":"scroll","background-type":"","background-media":"","overlay-type":"","overlay-color":"","overlay-opacity":"","overlay-gradient":""},"tablet":{"background-color":"var(--ast-global-color-5)","background-image":"","background-repeat":"repeat","background-position":"center center","background-size":"auto","background-attachment":"scroll","background-type":"","background-media":"","overlay-type":"","overlay-color":"","overlay-opacity":"","overlay-gradient":""},"mobile":{"background-color":"var(--ast-global-color-5)","background-image":"","background-repeat":"repeat","background-position":"center center","background-size":"auto","background-attachment":"scroll","background-type":"","background-media":"","overlay-type":"","overlay-color":"","overlay-opacity":"","overlay-gradient":""}}},"product_brand":[],"product_cat":[24],"product_tag":[],"class_list":{"0":"post-1599","1":"product","2":"type-product","3":"status-publish","4":"has-post-thumbnail","6":"product_cat-montanismo","7":"desktop-align-left","8":"tablet-align-left","9":"mobile-align-left","11":"first","12":"instock","13":"downloadable","14":"shipping-taxable","15":"purchasable","16":"product-type-simple"},"_links":{"self":[{"href":"https:\/\/eauearthfuego.com\/en\/wp-json\/wp\/v2\/product\/1599","targetHints":{"allow":["GET"]}}],"collection":[{"href":"https:\/\/eauearthfuego.com\/en\/wp-json\/wp\/v2\/product"}],"about":[{"href":"https:\/\/eauearthfuego.com\/en\/wp-json\/wp\/v2\/types\/product"}],"replies":[{"embeddable":true,"href":"https:\/\/eauearthfuego.com\/en\/wp-json\/wp\/v2\/comments?post=1599"}],"wp:featuredmedia":[{"embeddable":true,"href":"https:\/\/eauearthfuego.com\/en\/wp-json\/wp\/v2\/media\/2164"}],"wp:attachment":[{"href":"https:\/\/eauearthfuego.com\/en\/wp-json\/wp\/v2\/media?parent=1599"}],"wp:term":[{"taxonomy":"product_brand","embeddable":true,"href":"https:\/\/eauearthfuego.com\/en\/wp-json\/wp\/v2\/product_brand?post=1599"},{"taxonomy":"product_cat","embeddable":true,"href":"https:\/\/eauearthfuego.com\/en\/wp-json\/wp\/v2\/product_cat?post=1599"},{"taxonomy":"product_tag","embeddable":true,"href":"https:\/\/eauearthfuego.com\/en\/wp-json\/wp\/v2\/product_tag?post=1599"}],"curies":[{"name":"wp","href":"https:\/\/api.w.org\/{rel}","templated":true}]}}