{"id":2105,"date":"2026-03-06T20:00:47","date_gmt":"2026-03-06T20:00:47","guid":{"rendered":"https:\/\/eauearthfuego.com\/?post_type=product&#038;p=2105"},"modified":"2026-03-24T18:51:36","modified_gmt":"2026-03-24T18:51:36","slug":"border-collie-hecho-arte","status":"publish","type":"product","link":"https:\/\/eauearthfuego.com\/en\/product\/border-collie-hecho-arte\/","title":{"rendered":"Border Collie Hecho Arte"},"content":{"rendered":"<h4><strong>Product description:<\/strong><\/h4>\n<p data-start=\"362\" data-end=\"532\"><strong data-start=\"362\" data-end=\"390\">Border Collie Hecho Arte<\/strong> es un retrato art\u00edstico personalizado que transforma la fotograf\u00eda de tu mascota en una ilustraci\u00f3n llena de color, expresi\u00f3n y personalidad.<\/p>\n<p data-start=\"534\" data-end=\"843\">La obra muestra la comparaci\u00f3n entre la fotograf\u00eda real del perro y su versi\u00f3n ilustrada, resaltando los rasgos caracter\u00edsticos del <strong data-start=\"666\" data-end=\"683\">Border Collie<\/strong>, como su mirada intensa, su energ\u00eda y su car\u00e1cter alegre. Los trazos art\u00edsticos y los colores vibrantes convierten una simple imagen en una pieza visual \u00fanica.<\/p>","protected":false},"excerpt":{"rendered":"<p data-start=\"1373\" data-end=\"1502\"><strong data-start=\"1082\" data-end=\"1112\">\u201cBorder Collie Hecho Arte\u201d<\/strong> celebra la alegr\u00eda, inteligencia y cari\u00f1o que esta raza aporta a la vida de sus due\u00f1os.<\/p>\n<h4 data-start=\"1182\" data-end=\"1221\"><strong data-start=\"1189\" data-end=\"1221\">Product features<\/strong><\/h4>\n<ul data-start=\"1222\" data-end=\"1402\">\n<li data-start=\"1222\" data-end=\"1276\">\n<p data-start=\"1224\" data-end=\"1276\">Format: High-resolution digital image<\/p>\n<\/li>\n<li data-start=\"1277\" data-end=\"1320\">\n<p data-start=\"1279\" data-end=\"1320\">Use: Personal or decorative (non-commercial)<\/p>\n<\/li>\n<li data-start=\"1321\" data-end=\"1354\">\n<p data-start=\"1323\" data-end=\"1354\">Immediate download after payment<\/p>\n<\/li>\n<li data-start=\"1355\" data-end=\"1402\">\n<p data-start=\"1357\" data-end=\"1402\">Watermark included for visual protection<\/p>\n<\/li>\n<\/ul>","protected":false},"featured_media":2179,"comment_status":"open","ping_status":"closed","template":"","meta":{"site-sidebar-layout":"default","site-content-layout":"","ast-site-content-layout":"default","site-content-style":"default","site-sidebar-style":"default","ast-global-header-display":"","ast-banner-title-visibility":"","ast-main-header-display":"","ast-hfb-above-header-display":"","ast-hfb-below-header-display":"","ast-hfb-mobile-header-display":"","site-post-title":"","ast-breadcrumbs-content":"","ast-featured-img":"","footer-sml-layout":"","ast-disable-related-posts":"","theme-transparent-header-meta":"default","adv-header-id-meta":"","stick-header-meta":"default","header-above-stick-meta":"","header-main-stick-meta":"","header-below-stick-meta":"","astra-migrate-meta-layouts":"set","ast-page-background-enabled":"default","ast-page-background-meta":{"desktop":{"background-color":"var(--ast-global-color-4)","background-image":"","background-repeat":"repeat","background-position":"center center","background-size":"auto","background-attachment":"scroll","background-type":"","background-media":"","overlay-type":"","overlay-color":"","overlay-opacity":"","overlay-gradient":""},"tablet":{"background-color":"","background-image":"","background-repeat":"repeat","background-position":"center center","background-size":"auto","background-attachment":"scroll","background-type":"","background-media":"","overlay-type":"","overlay-color":"","overlay-opacity":"","overlay-gradient":""},"mobile":{"background-color":"","background-image":"","background-repeat":"repeat","background-position":"center center","background-size":"auto","background-attachment":"scroll","background-type":"","background-media":"","overlay-type":"","overlay-color":"","overlay-opacity":"","overlay-gradient":""}},"ast-content-background-meta":{"desktop":{"background-color":"var(--ast-global-color-5)","background-image":"","background-repeat":"repeat","background-position":"center center","background-size":"auto","background-attachment":"scroll","background-type":"","background-media":"","overlay-type":"","overlay-color":"","overlay-opacity":"","overlay-gradient":""},"tablet":{"background-color":"var(--ast-global-color-5)","background-image":"","background-repeat":"repeat","background-position":"center center","background-size":"auto","background-attachment":"scroll","background-type":"","background-media":"","overlay-type":"","overlay-color":"","overlay-opacity":"","overlay-gradient":""},"mobile":{"background-color":"var(--ast-global-color-5)","background-image":"","background-repeat":"repeat","background-position":"center center","background-size":"auto","background-attachment":"scroll","background-type":"","background-media":"","overlay-type":"","overlay-color":"","overlay-opacity":"","overlay-gradient":""}}},"product_brand":[],"product_cat":[24],"product_tag":[],"class_list":{"0":"post-2105","1":"product","2":"type-product","3":"status-publish","4":"has-post-thumbnail","6":"product_cat-montanismo","7":"desktop-align-left","8":"tablet-align-left","9":"mobile-align-left","11":"first","12":"instock","13":"downloadable","14":"shipping-taxable","15":"purchasable","16":"product-type-simple"},"_links":{"self":[{"href":"https:\/\/eauearthfuego.com\/en\/wp-json\/wp\/v2\/product\/2105","targetHints":{"allow":["GET"]}}],"collection":[{"href":"https:\/\/eauearthfuego.com\/en\/wp-json\/wp\/v2\/product"}],"about":[{"href":"https:\/\/eauearthfuego.com\/en\/wp-json\/wp\/v2\/types\/product"}],"replies":[{"embeddable":true,"href":"https:\/\/eauearthfuego.com\/en\/wp-json\/wp\/v2\/comments?post=2105"}],"wp:featuredmedia":[{"embeddable":true,"href":"https:\/\/eauearthfuego.com\/en\/wp-json\/wp\/v2\/media\/2179"}],"wp:attachment":[{"href":"https:\/\/eauearthfuego.com\/en\/wp-json\/wp\/v2\/media?parent=2105"}],"wp:term":[{"taxonomy":"product_brand","embeddable":true,"href":"https:\/\/eauearthfuego.com\/en\/wp-json\/wp\/v2\/product_brand?post=2105"},{"taxonomy":"product_cat","embeddable":true,"href":"https:\/\/eauearthfuego.com\/en\/wp-json\/wp\/v2\/product_cat?post=2105"},{"taxonomy":"product_tag","embeddable":true,"href":"https:\/\/eauearthfuego.com\/en\/wp-json\/wp\/v2\/product_tag?post=2105"}],"curies":[{"name":"wp","href":"https:\/\/api.w.org\/{rel}","templated":true}]}}